


{"id":892,"date":"2017-04-23T19:01:23","date_gmt":"2017-04-23T16:01:23","guid":{"rendered":"http:\/\/www.tosunmaden.com.tr\/TR\/?page_id=892"},"modified":"2017-04-30T11:26:07","modified_gmt":"2017-04-30T08:26:07","slug":"kalite-politikamiz","status":"publish","type":"page","link":"https:\/\/www.varsancadir.com\/index.php\/kalite-politikamiz\/","title":{"rendered":"Kalite Politikam\u0131z"},"content":{"rendered":"<p>\u25cf M\u00fc\u015fterilerimizin ihtiya\u00e7lar\u0131n\u0131 do\u011fru bir bi\u00e7imde saptay\u0131p kendilerine en etkin \u00e7\u00f6z\u00fcmleri sunmay\u0131,<\/p>\n<p>\u25cf Teknolojideki yenilikleri takip etmeyi,<\/p>\n<p>\u25cf T\u00fcm \u00e7al\u0131\u015fanlar\u0131n e\u011fitimini ve s\u00fcrekli geli\u015fimini sa\u011flamak i\u00e7in faaliyetlerde bulunmay\u0131,<\/p>\n<p>\u25cf \u00dcr\u00fcn ve hizmet kalitesini iyile\u015ftirmeyi,<\/p>\n<p>\u25cf Y\u00fcksek fayda sa\u011flayacak \u00fcr\u00fcn ve hizmet sunumu ile m\u00fc\u015fteri memnuniyetini artt\u0131rmay\u0131,<\/p>\n<p>\u25cf Kalite Y\u00f6netim Sistemi \u015fartlar\u0131na uyarak s\u00fcrekli geli\u015fmeyi<\/p>\n<p>\u25cf T\u00fcm personelimizin g\u00f6r\u00fc\u015f ve \u00f6nerilerini dikkate alarak ve tak\u0131m \u00e7al\u0131\u015fmas\u0131na \u00f6zendirerek s\u00fcrekli iyile\u015ftirmeye katk\u0131da bulunmalar\u0131n\u0131<\/p>\n<p>ama\u00e7 ediniriz.<\/p>\n<p>\u25cf Sayg\u0131n, g\u00fcvenilir, ihtiya\u00e7lara ve problemlere, h\u0131zl\u0131 ve do\u011fru \u00e7\u00f6z\u00fcm sa\u011flayan, sekt\u00f6rde \u00f6nce firma olmak,<\/p>\n<p>\u25cf \u00dcr\u00fcn ve hizmetlerini \u00f6nceden belirlenen zaman ve \u015fartlarda, yasal gereklere uygun \u015fekilde eksiksiz olarak sunmay\u0131,<\/p>\n<p>\u25cf Hizmetlerini eksiksiz ve tam bir m\u00fc\u015fteri memnuniyeti sa\u011flayana kadar geli\u015ftirmeyi,<\/p>\n<p>\u25cf \u0130\u015f sa\u011fl\u0131\u011f\u0131 ve g\u00fcvenli\u011fi ile \u00e7evre \u015fartlar\u0131na uygun olarak hizmetlerini s\u00fcrd\u00fcrmeyi,<\/p>\n<p>\u25cf Programlanm\u0131\u015f e\u011fitimleri uygulayarak personelin s\u00fcrekli geli\u015fmesini sa\u011flamay\u0131,<\/p>\n<p>\u25cf M\u00fc\u015fteri ihtiya\u00e7 ve beklentilerini, faaliyetlerinin yeterlili\u011fini \u00f6l\u00e7erek;<\/p>\n<p>\u25cf M\u00fc\u015fteri dilek ve \u015fikayetleri ile ilgili s\u00fcratli \u00e7\u00f6z\u00fcm sa\u011flamay\u0131,<\/p>\n<p>\u25cf Kalite sistemini s\u00fcrekli geli\u015ftirmeyi,<\/p>\n<p>\u25cf Payda\u015flar\u0131n\u0131n ve \u00e7al\u0131\u015fanlar\u0131n\u0131n memnuniyetini artt\u0131rmay\u0131,<\/p>\n<p>\u25cf M\u00fc\u015fteri memnuniyetini en \u00fcst seviyede tutmay\u0131,<\/p>\n<p>\u25cf \u00dcr\u00fcn ve hizmet sunan konusunda g\u00fcncel teknolojiyi takip ederek asgariyi maliyet maksimum hizmet ilkesi ile kaliteden \u00f6d\u00fcn vermeden hizmetlerini sunmay\u0131, kalite politikas\u0131 ve ama\u00e7lar\u0131 olarak benimsemekteyiz.<\/p>\n","protected":false},"excerpt":{"rendered":"<p>\u25cf M\u00fc\u015fterilerimizin ihtiya\u00e7lar\u0131n\u0131 do\u011fru bir bi\u00e7imde saptay\u0131p kendilerine en etkin \u00e7\u00f6z\u00fcmleri sunmay\u0131, \u25cf Teknolojideki yenilikleri takip etmeyi, \u25cf T\u00fcm \u00e7al\u0131\u015fanlar\u0131n e\u011fitimini ve s\u00fcrekli geli\u015fimini sa\u011flamak i\u00e7in faaliyetlerde bulunmay\u0131, \u25cf \u00dcr\u00fcn ve hizmet kalitesini iyile\u015ftirmeyi, \u25cf Y\u00fcksek fayda sa\u011flayacak \u00fcr\u00fcn ve hizmet sunumu ile m\u00fc\u015fteri memnuniyetini artt\u0131rmay\u0131, \u25cf Kalite Y\u00f6netim Sistemi \u015fartlar\u0131na uyarak s\u00fcrekli geli\u015fmeyi \u25cf [&hellip;]<\/p>\n","protected":false},"author":1,"featured_media":0,"parent":0,"menu_order":0,"comment_status":"closed","ping_status":"closed","template":"","meta":[],"_links":{"self":[{"href":"https:\/\/www.varsancadir.com\/index.php\/wp-json\/wp\/v2\/pages\/892"}],"collection":[{"href":"https:\/\/www.varsancadir.com\/index.php\/wp-json\/wp\/v2\/pages"}],"about":[{"href":"https:\/\/www.varsancadir.com\/index.php\/wp-json\/wp\/v2\/types\/page"}],"author":[{"embeddable":true,"href":"https:\/\/www.varsancadir.com\/index.php\/wp-json\/wp\/v2\/users\/1"}],"replies":[{"embeddable":true,"href":"https:\/\/www.varsancadir.com\/index.php\/wp-json\/wp\/v2\/comments?post=892"}],"version-history":[{"count":2,"href":"https:\/\/www.varsancadir.com\/index.php\/wp-json\/wp\/v2\/pages\/892\/revisions"}],"predecessor-version":[{"id":1054,"href":"https:\/\/www.varsancadir.com\/index.php\/wp-json\/wp\/v2\/pages\/892\/revisions\/1054"}],"wp:attachment":[{"href":"https:\/\/www.varsancadir.com\/index.php\/wp-json\/wp\/v2\/media?parent=892"}],"curies":[{"name":"wp","href":"https:\/\/api.w.org\/{rel}","templated":true}]}}