


{"id":888,"date":"2017-04-23T19:00:18","date_gmt":"2017-04-23T16:00:18","guid":{"rendered":"http:\/\/www.tosunmaden.com.tr\/TR\/?page_id=888"},"modified":"2017-04-30T11:24:51","modified_gmt":"2017-04-30T08:24:51","slug":"hakkimizda","status":"publish","type":"page","link":"https:\/\/www.varsancadir.com\/index.php\/hakkimizda\/","title":{"rendered":"Hakk\u0131m\u0131zda"},"content":{"rendered":"<p>Proje ba\u015flang\u0131c\u0131ndan \u00fcr\u00fcnlerin teslim an\u0131na kadar takip ve sat\u0131\u015f sonras\u0131 hizmette m\u00fc\u015fteri menfaatlerini g\u00f6zetmeyi ilke edinmi\u015f bulunmaktay\u0131z.<\/p>\n<p>Her ge\u00e7en g\u00fcn, her yeni teknoloji, her yeni proje,\u00a0<strong>\u00e7ad\u0131r<\/strong>\u00a0sekt\u00f6r\u00fcnde tecr\u00fcbemizi sa\u011flamla\u015ft\u0131rm\u0131\u015f ve bunun sonucu olarak kendimize g\u00fcvenimizi peki\u015ftirmi\u015ftir.<\/p>\n<p>Kuruldu\u011fumuz ilk g\u00fcn heyecan\u0131 ile \u00e7ad\u0131r imalat\u0131na devam eden firmam\u0131z in\u015faat \u00e7ad\u0131r\u0131, \u0130\u015f\u00e7i \u00e7ad\u0131r\u0131, yatakhane \u00e7ad\u0131r\u0131, imalathane \u00e7ad\u0131r\u0131 \u015fantiye \u00e7ad\u0131r\u0131 so\u011fuk iklim \u00e7ad\u0131r\u0131 gibi \u00fcretim ama\u00e7l\u0131 \u00e7ad\u0131rlar imal etti\u011fi gibi sosyal ama\u00e7l\u0131 spor kompleksi, tenis kortu, fuar \u00e7ad\u0131r\u0131, organizasyon \u00e7ad\u0131r\u0131, afet \u00e7ad\u0131r\u0131, taziye \u00e7ad\u0131r\u0131, kamp \u00e7ad\u0131r\u0131, kurban \u00e7ad\u0131r\u0131 gibi \u00fcr\u00fcnleri kendi imalat\u0131m\u0131z olarak t\u00fcketicilerin be\u011fenisine sunmaktay\u0131z.<\/p>\n<p>Taleplere uygun \u00e7ad\u0131r imalat\u0131 yapan alan\u0131nda uzman kadromuz talepleri b\u00fct\u00e7eye uygun olarak da kar\u015f\u0131lamak i\u00e7in ekonomik \u00e7ad\u0131r fiyatlar\u0131 ile m\u00fc\u015fteri memnuniyeti \u00f6ncelikli sat\u0131\u015f yapmaktad\u0131r.<\/p>\n","protected":false},"excerpt":{"rendered":"<p>Proje ba\u015flang\u0131c\u0131ndan \u00fcr\u00fcnlerin teslim an\u0131na kadar takip ve sat\u0131\u015f sonras\u0131 hizmette m\u00fc\u015fteri menfaatlerini g\u00f6zetmeyi ilke edinmi\u015f bulunmaktay\u0131z. Her ge\u00e7en g\u00fcn, her yeni teknoloji, her yeni proje,\u00a0\u00e7ad\u0131r\u00a0sekt\u00f6r\u00fcnde tecr\u00fcbemizi sa\u011flamla\u015ft\u0131rm\u0131\u015f ve bunun sonucu olarak kendimize g\u00fcvenimizi peki\u015ftirmi\u015ftir. Kuruldu\u011fumuz ilk g\u00fcn heyecan\u0131 ile \u00e7ad\u0131r imalat\u0131na devam eden firmam\u0131z in\u015faat \u00e7ad\u0131r\u0131, \u0130\u015f\u00e7i \u00e7ad\u0131r\u0131, yatakhane \u00e7ad\u0131r\u0131, imalathane \u00e7ad\u0131r\u0131 \u015fantiye \u00e7ad\u0131r\u0131 [&hellip;]<\/p>\n","protected":false},"author":1,"featured_media":0,"parent":0,"menu_order":0,"comment_status":"closed","ping_status":"closed","template":"","meta":[],"_links":{"self":[{"href":"https:\/\/www.varsancadir.com\/index.php\/wp-json\/wp\/v2\/pages\/888"}],"collection":[{"href":"https:\/\/www.varsancadir.com\/index.php\/wp-json\/wp\/v2\/pages"}],"about":[{"href":"https:\/\/www.varsancadir.com\/index.php\/wp-json\/wp\/v2\/types\/page"}],"author":[{"embeddable":true,"href":"https:\/\/www.varsancadir.com\/index.php\/wp-json\/wp\/v2\/users\/1"}],"replies":[{"embeddable":true,"href":"https:\/\/www.varsancadir.com\/index.php\/wp-json\/wp\/v2\/comments?post=888"}],"version-history":[{"count":2,"href":"https:\/\/www.varsancadir.com\/index.php\/wp-json\/wp\/v2\/pages\/888\/revisions"}],"predecessor-version":[{"id":1052,"href":"https:\/\/www.varsancadir.com\/index.php\/wp-json\/wp\/v2\/pages\/888\/revisions\/1052"}],"wp:attachment":[{"href":"https:\/\/www.varsancadir.com\/index.php\/wp-json\/wp\/v2\/media?parent=888"}],"curies":[{"name":"wp","href":"https:\/\/api.w.org\/{rel}","templated":true}]}}