


{"id":1229,"date":"2017-05-10T12:34:51","date_gmt":"2017-05-10T09:34:51","guid":{"rendered":"http:\/\/www.varsancadir.com\/?page_id=1229"},"modified":"2017-05-10T12:34:51","modified_gmt":"2017-05-10T09:34:51","slug":"semsiye-cadir","status":"publish","type":"page","link":"https:\/\/www.varsancadir.com\/index.php\/semsiye-cadir\/","title":{"rendered":"\u015eemsiye \u00c7ad\u0131r"},"content":{"rendered":"<p>[vc_row][vc_column][vc_media_grid grid_id=&#8221;vc_gid:1494408875616-6f7207db-e7e6-8&#8243; include=&#8221;1230,1231,1232,1233,1234,1235,1236&#8243;][\/vc_column][\/vc_row]<\/p>\n","protected":false},"excerpt":{"rendered":"<p>[vc_row][vc_column][vc_media_grid grid_id=&#8221;vc_gid:1494408875616-6f7207db-e7e6-8&#8243; include=&#8221;1230,1231,1232,1233,1234,1235,1236&#8243;][\/vc_column][\/vc_row]<\/p>\n","protected":false},"author":1,"featured_media":0,"parent":0,"menu_order":0,"comment_status":"closed","ping_status":"closed","template":"","meta":[],"_links":{"self":[{"href":"https:\/\/www.varsancadir.com\/index.php\/wp-json\/wp\/v2\/pages\/1229"}],"collection":[{"href":"https:\/\/www.varsancadir.com\/index.php\/wp-json\/wp\/v2\/pages"}],"about":[{"href":"https:\/\/www.varsancadir.com\/index.php\/wp-json\/wp\/v2\/types\/page"}],"author":[{"embeddable":true,"href":"https:\/\/www.varsancadir.com\/index.php\/wp-json\/wp\/v2\/users\/1"}],"replies":[{"embeddable":true,"href":"https:\/\/www.varsancadir.com\/index.php\/wp-json\/wp\/v2\/comments?post=1229"}],"version-history":[{"count":1,"href":"https:\/\/www.varsancadir.com\/index.php\/wp-json\/wp\/v2\/pages\/1229\/revisions"}],"predecessor-version":[{"id":1237,"href":"https:\/\/www.varsancadir.com\/index.php\/wp-json\/wp\/v2\/pages\/1229\/revisions\/1237"}],"wp:attachment":[{"href":"https:\/\/www.varsancadir.com\/index.php\/wp-json\/wp\/v2\/media?parent=1229"}],"curies":[{"name":"wp","href":"https:\/\/api.w.org\/{rel}","templated":true}]}}