


{"id":1036,"date":"2017-04-30T11:20:14","date_gmt":"2017-04-30T08:20:14","guid":{"rendered":"http:\/\/www.alfadestek.com\/varsancadir\/?page_id=1036"},"modified":"2017-04-30T12:45:53","modified_gmt":"2017-04-30T09:45:53","slug":"spor-salonu-cadiri","status":"publish","type":"page","link":"https:\/\/www.varsancadir.com\/index.php\/spor-salonu-cadiri\/","title":{"rendered":"Spor Salonu \u00c7ad\u0131r\u0131"},"content":{"rendered":"<p>[vc_row][vc_column][vc_media_grid grid_id=&#8221;vc_gid:1493545440883-5d639488-6116-3&#8243; include=&#8221;1155,1156,1157,1158,1159,1160,1161,1162,1163,1164,1165,1166&#8243;][\/vc_column][\/vc_row]<\/p>\n","protected":false},"excerpt":{"rendered":"<p>[vc_row][vc_column][vc_media_grid grid_id=&#8221;vc_gid:1493545440883-5d639488-6116-3&#8243; include=&#8221;1155,1156,1157,1158,1159,1160,1161,1162,1163,1164,1165,1166&#8243;][\/vc_column][\/vc_row]<\/p>\n","protected":false},"author":1,"featured_media":0,"parent":0,"menu_order":0,"comment_status":"closed","ping_status":"closed","template":"","meta":[],"_links":{"self":[{"href":"https:\/\/www.varsancadir.com\/index.php\/wp-json\/wp\/v2\/pages\/1036"}],"collection":[{"href":"https:\/\/www.varsancadir.com\/index.php\/wp-json\/wp\/v2\/pages"}],"about":[{"href":"https:\/\/www.varsancadir.com\/index.php\/wp-json\/wp\/v2\/types\/page"}],"author":[{"embeddable":true,"href":"https:\/\/www.varsancadir.com\/index.php\/wp-json\/wp\/v2\/users\/1"}],"replies":[{"embeddable":true,"href":"https:\/\/www.varsancadir.com\/index.php\/wp-json\/wp\/v2\/comments?post=1036"}],"version-history":[{"count":3,"href":"https:\/\/www.varsancadir.com\/index.php\/wp-json\/wp\/v2\/pages\/1036\/revisions"}],"predecessor-version":[{"id":1167,"href":"https:\/\/www.varsancadir.com\/index.php\/wp-json\/wp\/v2\/pages\/1036\/revisions\/1167"}],"wp:attachment":[{"href":"https:\/\/www.varsancadir.com\/index.php\/wp-json\/wp\/v2\/media?parent=1036"}],"curies":[{"name":"wp","href":"https:\/\/api.w.org\/{rel}","templated":true}]}}