


{"id":1034,"date":"2017-04-30T11:20:07","date_gmt":"2017-04-30T08:20:07","guid":{"rendered":"http:\/\/www.alfadestek.com\/varsancadir\/?page_id=1034"},"modified":"2017-04-30T12:42:53","modified_gmt":"2017-04-30T09:42:53","slug":"depo-cadiri","status":"publish","type":"page","link":"https:\/\/www.varsancadir.com\/index.php\/depo-cadiri\/","title":{"rendered":"Depo \u00c7ad\u0131r\u0131"},"content":{"rendered":"<p>[vc_row][vc_column][vc_media_grid grid_id=&#8221;vc_gid:1493545021908-bda48c69-b6c8-1&#8243; include=&#8221;1140,1141,1142,1144,1145,1146,1147,1148,1149,1150,1151,1152&#8243;][\/vc_column][\/vc_row]<\/p>\n","protected":false},"excerpt":{"rendered":"<p>[vc_row][vc_column][vc_media_grid grid_id=&#8221;vc_gid:1493545021908-bda48c69-b6c8-1&#8243; include=&#8221;1140,1141,1142,1144,1145,1146,1147,1148,1149,1150,1151,1152&#8243;][\/vc_column][\/vc_row]<\/p>\n","protected":false},"author":1,"featured_media":0,"parent":0,"menu_order":0,"comment_status":"closed","ping_status":"closed","template":"","meta":[],"_links":{"self":[{"href":"https:\/\/www.varsancadir.com\/index.php\/wp-json\/wp\/v2\/pages\/1034"}],"collection":[{"href":"https:\/\/www.varsancadir.com\/index.php\/wp-json\/wp\/v2\/pages"}],"about":[{"href":"https:\/\/www.varsancadir.com\/index.php\/wp-json\/wp\/v2\/types\/page"}],"author":[{"embeddable":true,"href":"https:\/\/www.varsancadir.com\/index.php\/wp-json\/wp\/v2\/users\/1"}],"replies":[{"embeddable":true,"href":"https:\/\/www.varsancadir.com\/index.php\/wp-json\/wp\/v2\/comments?post=1034"}],"version-history":[{"count":3,"href":"https:\/\/www.varsancadir.com\/index.php\/wp-json\/wp\/v2\/pages\/1034\/revisions"}],"predecessor-version":[{"id":1153,"href":"https:\/\/www.varsancadir.com\/index.php\/wp-json\/wp\/v2\/pages\/1034\/revisions\/1153"}],"wp:attachment":[{"href":"https:\/\/www.varsancadir.com\/index.php\/wp-json\/wp\/v2\/media?parent=1034"}],"curies":[{"name":"wp","href":"https:\/\/api.w.org\/{rel}","templated":true}]}}