


{"id":1032,"date":"2017-04-30T11:19:59","date_gmt":"2017-04-30T08:19:59","guid":{"rendered":"http:\/\/www.alfadestek.com\/varsancadir\/?page_id=1032"},"modified":"2017-04-30T12:31:52","modified_gmt":"2017-04-30T09:31:52","slug":"kurban-cadirlari","status":"publish","type":"page","link":"https:\/\/www.varsancadir.com\/index.php\/kurban-cadirlari\/","title":{"rendered":"Kurban \u00c7ad\u0131rlar\u0131"},"content":{"rendered":"<p>[vc_row][vc_column][vc_media_grid grid_id=&#8221;vc_gid:1493544383797-8db315f1-30e0-5&#8243; include=&#8221;1130,1131,1133,1134,1135,1136,1137,1138&#8243;][\/vc_column][\/vc_row]<\/p>\n","protected":false},"excerpt":{"rendered":"<p>[vc_row][vc_column][vc_media_grid grid_id=&#8221;vc_gid:1493544383797-8db315f1-30e0-5&#8243; include=&#8221;1130,1131,1133,1134,1135,1136,1137,1138&#8243;][\/vc_column][\/vc_row]<\/p>\n","protected":false},"author":1,"featured_media":0,"parent":0,"menu_order":0,"comment_status":"closed","ping_status":"closed","template":"","meta":[],"_links":{"self":[{"href":"https:\/\/www.varsancadir.com\/index.php\/wp-json\/wp\/v2\/pages\/1032"}],"collection":[{"href":"https:\/\/www.varsancadir.com\/index.php\/wp-json\/wp\/v2\/pages"}],"about":[{"href":"https:\/\/www.varsancadir.com\/index.php\/wp-json\/wp\/v2\/types\/page"}],"author":[{"embeddable":true,"href":"https:\/\/www.varsancadir.com\/index.php\/wp-json\/wp\/v2\/users\/1"}],"replies":[{"embeddable":true,"href":"https:\/\/www.varsancadir.com\/index.php\/wp-json\/wp\/v2\/comments?post=1032"}],"version-history":[{"count":3,"href":"https:\/\/www.varsancadir.com\/index.php\/wp-json\/wp\/v2\/pages\/1032\/revisions"}],"predecessor-version":[{"id":1139,"href":"https:\/\/www.varsancadir.com\/index.php\/wp-json\/wp\/v2\/pages\/1032\/revisions\/1139"}],"wp:attachment":[{"href":"https:\/\/www.varsancadir.com\/index.php\/wp-json\/wp\/v2\/media?parent=1032"}],"curies":[{"name":"wp","href":"https:\/\/api.w.org\/{rel}","templated":true}]}}