


{"id":1028,"date":"2017-04-30T11:19:44","date_gmt":"2017-04-30T08:19:44","guid":{"rendered":"http:\/\/www.alfadestek.com\/varsancadir\/?page_id=1028"},"modified":"2017-04-30T12:03:53","modified_gmt":"2017-04-30T09:03:53","slug":"santiye-cadiri","status":"publish","type":"page","link":"https:\/\/www.varsancadir.com\/index.php\/santiye-cadiri\/","title":{"rendered":"\u015eantiye \u00c7ad\u0131r\u0131"},"content":{"rendered":"<p>[vc_row][vc_column][vc_media_grid grid_id=&#8221;vc_gid:1493542735038-fb72ec0d-e56b-7&#8243; include=&#8221;1104,1106,1107,1108,1109,1110,1111,1112,1113,1114,1115&#8243;][\/vc_column][\/vc_row]<\/p>\n","protected":false},"excerpt":{"rendered":"<p>[vc_row][vc_column][vc_media_grid grid_id=&#8221;vc_gid:1493542735038-fb72ec0d-e56b-7&#8243; include=&#8221;1104,1106,1107,1108,1109,1110,1111,1112,1113,1114,1115&#8243;][\/vc_column][\/vc_row]<\/p>\n","protected":false},"author":1,"featured_media":0,"parent":0,"menu_order":0,"comment_status":"closed","ping_status":"closed","template":"","meta":[],"_links":{"self":[{"href":"https:\/\/www.varsancadir.com\/index.php\/wp-json\/wp\/v2\/pages\/1028"}],"collection":[{"href":"https:\/\/www.varsancadir.com\/index.php\/wp-json\/wp\/v2\/pages"}],"about":[{"href":"https:\/\/www.varsancadir.com\/index.php\/wp-json\/wp\/v2\/types\/page"}],"author":[{"embeddable":true,"href":"https:\/\/www.varsancadir.com\/index.php\/wp-json\/wp\/v2\/users\/1"}],"replies":[{"embeddable":true,"href":"https:\/\/www.varsancadir.com\/index.php\/wp-json\/wp\/v2\/comments?post=1028"}],"version-history":[{"count":3,"href":"https:\/\/www.varsancadir.com\/index.php\/wp-json\/wp\/v2\/pages\/1028\/revisions"}],"predecessor-version":[{"id":1116,"href":"https:\/\/www.varsancadir.com\/index.php\/wp-json\/wp\/v2\/pages\/1028\/revisions\/1116"}],"wp:attachment":[{"href":"https:\/\/www.varsancadir.com\/index.php\/wp-json\/wp\/v2\/media?parent=1028"}],"curies":[{"name":"wp","href":"https:\/\/api.w.org\/{rel}","templated":true}]}}