


{"id":1016,"date":"2017-04-30T11:18:04","date_gmt":"2017-04-30T08:18:04","guid":{"rendered":"http:\/\/www.alfadestek.com\/varsancadir\/?page_id=1016"},"modified":"2017-04-30T11:18:04","modified_gmt":"2017-04-30T08:18:04","slug":"hizmetlerimiz","status":"publish","type":"page","link":"https:\/\/www.varsancadir.com\/index.php\/hizmetlerimiz\/","title":{"rendered":"Hizmetlerimiz"},"content":{"rendered":"<p><strong>Varsan \u00c7ad\u0131r<\/strong> olarak, .ad\u0131r, tente yada brandalar\u0131n\u0131z\u0131n imalat\u0131n\u0131 yapmaktay\u0131z. \u0130stenilen \u00f6l\u00e7\u00fc ve ebatlarda, mekan\u0131n\u0131za arac\u0131n\u0131za uygun \u015fekilde, estetik olarak ortamla uyumlu olacak \u015fekilde, talep edilen renk ve malzeme se\u00e7enekleri ile imalat yapmay\u0131z. \u00dcr\u00fcnlerimizde kaliteye \u00f6nem veriririz. \u00c7ad\u0131r ve tentelerinizi uzun s\u00fcre sorunsuz bir \u015fekilde kullanabilmeniz bizim i\u00e7in \u00f6nemlidir. \u00c7ad\u0131r, tente ve branda imalatlar\u0131nda ki\u015fiye \u00f6zel farkl\u0131 model se\u00e7enekleri, ihtiyaca uygun eklemeler yap\u0131labilmektedir. \u00dcr\u00fcnlerimizi son moda ve trendlere uygun olarak haz\u0131rlamak i\u00e7in \u00f6zen g\u00f6steririz, teknolojik yenilikler ile sekt\u00f6rdeki malzeme de\u011fi\u015fimlerini daima takip ederiz. Sizlere en iyisini sunmak i\u00e7in \u00e7al\u0131\u015f\u0131yoruz.<\/p>\n<div>Mekan\u0131n\u0131za ve taleplerinize uygun \u015fekilde imalat\u0131n\u0131 yapt\u0131\u011f\u0131m\u0131z \u00e7ad\u0131r, tente ve brandalar\u0131n\u0131z\u0131n kurulum ve montaj\u0131n\u0131 da uzman ekiplerimizce yap\u0131yoruz. Sizlere anahtar teslim sorunsuz i\u015f yapma esas\u0131na g\u00f6re \u00e7al\u0131\u015fan <strong>Varsan\u00a0\u00c7ad\u0131r<\/strong> haz\u0131rlanan \u00fcr\u00fcn\u00fcn montaj\u0131n\u0131 da yapmaktad\u0131r. Uzman ekiplerimiz m\u00fcmk\u00fcn olan en k\u0131sa s\u00fcrede, sizi en az me\u015fgul edecek \u015fekilde, en h\u0131zl\u0131 ve sorunsuz \u015fekilde montaj i\u015flemini ger\u00e7ekle\u015ftirmektedir.<\/div>\n<div><\/div>\n<div>Kurulum ve montajdan kaynaklanan sorunlarda \u015firketimiz her zaman destek vermektedir.<\/div>\n<div>\n<div>Bizim taraf\u0131m\u0131zdan ya da ba\u015fka ki\u015filerce yap\u0131lm\u0131\u015f \u00e7ad\u0131r, tente ve brandalar\u0131n\u0131zda zaman i\u00e7inde olu\u015facak mekanik sorunlarda, malzemelerin eskimesi, y\u0131pranmas\u0131 gibi durumlarda, bez de\u011fi\u015fimi, profil de\u011fi\u015fimi gibi ihtiya\u00e7lar\u0131n\u0131zda, yeni bir mekana adapte olmas\u0131n\u0131 istedi\u011finiz tente ve brandalar\u0131n\u0131zda tecr\u00fcbeli kadroumuzla hizmet vermekteyiz.<\/div>\n<div><\/div>\n<div>\u00c7ad\u0131r, tente ve brandalar\u0131n\u0131z eskimese bile zaman i\u00e7inde mekan\u0131n\u0131za de\u011fi\u015fiklik katmas\u0131 i\u00e7in model, renk de\u011fi\u015fimi gibi farkl\u0131 \u015fekillerde \u00fcr\u00fcnlerinizde revizyona gidebilirsiniz. \u00d6rne\u011fin tentenizdeki basit bir bez de\u011fi\u015fimi mekana \u00e7ok farkl\u0131 bir hava katabilir, bu gibi durumlarda da <strong>Varsan\u00a0\u00c7ad\u0131r<\/strong> olarak tecr\u00fcbelerimizle hizmet vermeye devam ediyoruz. Sizlerin yeni heyecanlar\u0131na, de\u011fi\u015fim hayallerinize ortak oluyoruz.<\/div>\n<\/div>\n","protected":false},"excerpt":{"rendered":"<p>Varsan \u00c7ad\u0131r olarak, .ad\u0131r, tente yada brandalar\u0131n\u0131z\u0131n imalat\u0131n\u0131 yapmaktay\u0131z. \u0130stenilen \u00f6l\u00e7\u00fc ve ebatlarda, mekan\u0131n\u0131za arac\u0131n\u0131za uygun \u015fekilde, estetik olarak ortamla uyumlu olacak \u015fekilde, talep edilen renk ve malzeme se\u00e7enekleri ile imalat yapmay\u0131z. \u00dcr\u00fcnlerimizde kaliteye \u00f6nem veriririz. \u00c7ad\u0131r ve tentelerinizi uzun s\u00fcre sorunsuz bir \u015fekilde kullanabilmeniz bizim i\u00e7in \u00f6nemlidir. \u00c7ad\u0131r, tente ve branda imalatlar\u0131nda ki\u015fiye \u00f6zel [&hellip;]<\/p>\n","protected":false},"author":1,"featured_media":0,"parent":0,"menu_order":0,"comment_status":"closed","ping_status":"closed","template":"","meta":[],"_links":{"self":[{"href":"https:\/\/www.varsancadir.com\/index.php\/wp-json\/wp\/v2\/pages\/1016"}],"collection":[{"href":"https:\/\/www.varsancadir.com\/index.php\/wp-json\/wp\/v2\/pages"}],"about":[{"href":"https:\/\/www.varsancadir.com\/index.php\/wp-json\/wp\/v2\/types\/page"}],"author":[{"embeddable":true,"href":"https:\/\/www.varsancadir.com\/index.php\/wp-json\/wp\/v2\/users\/1"}],"replies":[{"embeddable":true,"href":"https:\/\/www.varsancadir.com\/index.php\/wp-json\/wp\/v2\/comments?post=1016"}],"version-history":[{"count":1,"href":"https:\/\/www.varsancadir.com\/index.php\/wp-json\/wp\/v2\/pages\/1016\/revisions"}],"predecessor-version":[{"id":1017,"href":"https:\/\/www.varsancadir.com\/index.php\/wp-json\/wp\/v2\/pages\/1016\/revisions\/1017"}],"wp:attachment":[{"href":"https:\/\/www.varsancadir.com\/index.php\/wp-json\/wp\/v2\/media?parent=1016"}],"curies":[{"name":"wp","href":"https:\/\/api.w.org\/{rel}","templated":true}]}}